{"id":14,"date":"2023-08-10T21:55:58","date_gmt":"2023-08-10T19:55:58","guid":{"rendered":"http:\/\/harmoniewerk.eu\/?page_id=14"},"modified":"2025-12-18T08:53:10","modified_gmt":"2025-12-18T07:53:10","slug":"o-mnie","status":"publish","type":"page","link":"https:\/\/harmoniewerk.eu\/?page_id=14","title":{"rendered":"O mnie"},"content":{"rendered":"\n<div class=\"wp-block-cover alignwide has-kenta-accent-color has-text-color has-link-color has-x-large-font-size wp-elements-fe10300bb6dd154fc4778d919e18d1f0 wp-duotone-unset-2\" style=\"border-radius:20px;margin-top:0;padding-top:48px;padding-right:48px;padding-bottom:48px;padding-left:48px;min-height:877px;aspect-ratio:unset;\"><span aria-hidden=\"true\" class=\"wp-block-cover__background has-kenta-base-background-color has-background-dim-70 has-background-dim\"><\/span><div class=\"wp-block-cover__inner-container is-layout-flow wp-block-cover-is-layout-flow\">\n<h3 class=\"wp-block-heading has-text-align-center\"><strong>O mnie \u2013 Moja podr\u00f3\u017c do Harmonii<\/strong><\/h3>\n\n\n\n<div class=\"wp-block-group alignwide has-global-padding is-layout-constrained wp-block-group-is-layout-constrained\" style=\"margin-top:0;margin-bottom:0;padding-top:var(--wp--preset--spacing--x-large);padding-bottom:var(--wp--preset--spacing--x-large)\">\n<div class=\"wp-block-columns alignwide is-layout-flex wp-container-core-columns-is-layout-28f84493 wp-block-columns-is-layout-flex\">\n<div class=\"wp-block-column is-layout-flow wp-block-column-is-layout-flow\">\n<figure class=\"wp-block-image aligncenter size-full is-resized has-custom-border is-style-rounded wp-duotone-unset-1\"><img loading=\"lazy\" decoding=\"async\" width=\"842\" height=\"1212\" src=\"http:\/\/harmoniewerk.eu\/wp-content\/uploads\/2025\/10\/kontakt_photo.jpg\" alt=\"\" class=\"wp-image-486\" style=\"border-style:none;border-width:0px;aspect-ratio:1;object-fit:cover;width:134px;height:auto\"\/><\/figure>\n\n\n\n<p class=\"has-text-align-center\">\u2727<\/p>\n\n\n\n<p class=\"has-text-align-left\">Moja droga do pracy z cz\u0142owiekiem nie zacz\u0119\u0142a si\u0119 w ksi\u0105\u017ckach, lecz w \u017cyciu \u2013 w moim w\u0142asnym ciele, do\u015bwiadczeniu i rodzinie. Przez d\u0142ugi czas ja i moi bliscy zmagali\u015bmy si\u0119 z problemami zdrowotnymi, kt\u00f3re nie znajdowa\u0142y rozwi\u0105zania w medycynie konwencjonalnej. Leczenie objaw\u00f3w, brak odpowiedzi na pytania \u201edlaczego?\u201d, kolejne diagnozy bez efektu&#8230; Z czasem zrozumia\u0142am, \u017ce musz\u0119 poszuka\u0107 innej drogi. Tak narodzi\u0142a si\u0119 moja fascynacja <strong>naturalnymi metodami leczenia<\/strong> \u2013 takimi, kt\u00f3re widz\u0105 cz\u0142owieka jako ca\u0142o\u015b\u0107.<\/p>\n\n\n\n<div class=\"wp-block-group is-nowrap is-layout-flex wp-container-core-group-is-layout-6c531013 wp-block-group-is-layout-flex\">\n<p class=\"has-x-large-font-size\">Moja podroz zaczela sie  od <strong>aromaterapii<\/strong>, gdzie odkry\u0142am moc ro\u015blinnych olejk\u00f3w eterycznych \u2013 ich wp\u0142yw na cia\u0142o, emocje, uk\u0142ad nerwowy.<br>Zapachy nauczy\u0142y mnie s\u0142ucha\u0107 \u2013 siebie, innych, przestrzeni. <br>P\u00f3\u017aniej przysz\u0142a <strong>kinezjologia<\/strong>, kt\u00f3ra pomog\u0142a mi zrozumie\u0107, jak g\u0142\u0119boko stres, emocje i przesz\u0142e do\u015bwiadczenia zapisuj\u0105 si\u0119 w ciele. To dzi\u0119ki niej nauczy\u0142am si\u0119 odczytywa\u0107 ukryte napi\u0119cia i wspiera\u0107 procesy uzdrawiania od wewn\u0105trz.<br><strong>Klangterapia<\/strong> \u2013 d\u017awi\u0119k, wibracja, rezonans \u2013 dope\u0142ni\u0142y tej drogi. Wibracje mis i gong\u00f3w wprowadzaj\u0105 cia\u0142o i umys\u0142 w stan g\u0142\u0119bokiego relaksu, pomagaj\u0105c uwolni\u0107 to, czego nie jeste\u015bmy w stanie \u201ewypowiedzie\u0107\u201d s\u0142owami. <br>Te trzy metody naturalnie si\u0119 uzupe\u0142niaj\u0105 \u2013 tworz\u0105c przestrze\u0144 do powrotu do r\u00f3wnowagi, harmonii i zdrowia.<\/p>\n<\/div>\n\n\n\n<p>Z ka\u017cdym krokiem coraz mocniej utwierdza\u0142am si\u0119 w przekonaniu, jak ogromny wp\u0142yw na nasze samopoczucie maj\u0105 nie tylko emocje i stres, ale te\u017c to, co codziennie <strong>nak\u0142adamy na nasz\u0105 sk\u00f3r\u0119<\/strong>. Z ka\u017cdej nauki, kursu i osobistego do\u015bwiadczenia p\u0142ynie jedna jasna lekcja:<br> <strong>Sk\u0142ad ma znaczenie. \u015awiadomo\u015b\u0107 ma znaczenie. Uwa\u017cno\u015b\u0107 ma znaczenie.<\/strong><\/p>\n\n\n\n<p>Dlatego tak wa\u017cn\u0105 cz\u0119\u015bci\u0105 mojej pracy s\u0105 r\u00f3wnie\u017c <strong>bio kosmetyki<\/strong> \u2013 naturalne, czyste, bezpieczne. Wybieram i polecam tylko to, co wspiera organizm, a nie go obci\u0105\u017ca. Bo piel\u0119gnacja mo\u017ce by\u0107 terapi\u0105 \u2013 rytua\u0142em czu\u0142o\u015bci i troski o siebie.<\/p>\n\n\n\n<p>Kieruj\u0119 si\u0119 s\u0142owami Paracelsusa:<br><strong>\u201eWszystko jest trucizn\u0105 i nic nie jest trucizn\u0105 \u2013 tylko dawka czyni trucizn\u0119.\u201d<\/strong><br>To zdanie przypomina mi, \u017ce jako\u015b\u0107 i \u015bwiadomo\u015b\u0107 s\u0105 kluczowe \u2013 niezale\u017cnie od tego, czy m\u00f3wimy o terapii, od\u017cywianiu, emocjach, czy codziennej piel\u0119gnacji.<\/p>\n\n\n\n<p>Z po\u0142\u0105czenia wszystkich tych do\u015bwiadcze\u0144 i metod powsta\u0142o <strong>Harmoniewerk<\/strong> \u2013 miejsce, kt\u00f3re \u0142\u0105czy aromaterapi\u0119, kinezjologi\u0119, klangterapi\u0119 i naturaln\u0105 piel\u0119gnacj\u0119 w jedn\u0105, sp\u00f3jn\u0105 ca\u0142o\u015b\u0107.<br>To moje <strong>dzie\u0142o harmonii<\/strong> \u2013 stworzone z potrzeby serca, z pasji i z wiary, \u017ce ka\u017cdy z nas ma w sobie zdolno\u015b\u0107 powrotu do r\u00f3wnowagi.<\/p>\n\n\n\n<p>Zapraszam Ci\u0119 do tej podr\u00f3\u017cy \u2013 z trosk\u0105, czu\u0142o\u015bci\u0105 i pe\u0142nym szacunkiem dla Twojej indywidualnej historii.<\/p>\n<\/div>\n<\/div>\n<\/div>\n\n\n\n<div style=\"height:35px\" aria-hidden=\"true\" class=\"wp-block-spacer\"><\/div>\n<\/div><\/div>\n","protected":false},"excerpt":{"rendered":"","protected":false},"author":2,"featured_media":0,"parent":0,"menu_order":0,"comment_status":"closed","ping_status":"closed","template":"","meta":{"site-container-style":"default","site-container-layout":"default","site-sidebar-layout":"default","site-transparent-header":"default","disable-article-header":"default","disable-site-header":"default","disable-site-footer":"default","disable-content-area-spacing":"default","footnotes":""},"class_list":["post-14","page","type-page","status-publish","hentry"],"_links":{"self":[{"href":"https:\/\/harmoniewerk.eu\/index.php?rest_route=\/wp\/v2\/pages\/14","targetHints":{"allow":["GET"]}}],"collection":[{"href":"https:\/\/harmoniewerk.eu\/index.php?rest_route=\/wp\/v2\/pages"}],"about":[{"href":"https:\/\/harmoniewerk.eu\/index.php?rest_route=\/wp\/v2\/types\/page"}],"author":[{"embeddable":true,"href":"https:\/\/harmoniewerk.eu\/index.php?rest_route=\/wp\/v2\/users\/2"}],"replies":[{"embeddable":true,"href":"https:\/\/harmoniewerk.eu\/index.php?rest_route=%2Fwp%2Fv2%2Fcomments&post=14"}],"version-history":[{"count":14,"href":"https:\/\/harmoniewerk.eu\/index.php?rest_route=\/wp\/v2\/pages\/14\/revisions"}],"predecessor-version":[{"id":666,"href":"https:\/\/harmoniewerk.eu\/index.php?rest_route=\/wp\/v2\/pages\/14\/revisions\/666"}],"wp:attachment":[{"href":"https:\/\/harmoniewerk.eu\/index.php?rest_route=%2Fwp%2Fv2%2Fmedia&parent=14"}],"curies":[{"name":"wp","href":"https:\/\/api.w.org\/{rel}","templated":true}]}}