{"id":145,"date":"2025-02-09T15:08:10","date_gmt":"2025-02-09T14:08:10","guid":{"rendered":"http:\/\/harmoniewerk.eu\/?page_id=145"},"modified":"2025-12-17T21:00:49","modified_gmt":"2025-12-17T20:00:49","slug":"aroma-massage","status":"publish","type":"page","link":"https:\/\/harmoniewerk.eu\/?page_id=145","title":{"rendered":"Aroma Massage"},"content":{"rendered":"\n<div class=\"wp-block-cover alignwide has-kenta-accent-color has-text-color has-link-color has-x-large-font-size wp-elements-9854da73c2c98c0d87f66a8f98a0d4a1 wp-duotone-unset-1\" style=\"border-radius:0px;margin-top:0;padding-top:48px;padding-right:48px;padding-bottom:48px;padding-left:48px;min-height:66vh;aspect-ratio:unset;\"><span aria-hidden=\"true\" class=\"wp-block-cover__background has-kenta-base-background-color has-background-dim-80 has-background-dim\"><\/span><div class=\"wp-block-cover__inner-container is-layout-flow wp-block-cover-is-layout-flow\">\n<div class=\"wp-block-media-text alignfull is-stacked-on-mobile has-background\" style=\"background-color:#16202900\"><figure class=\"wp-block-media-text__media\"><img loading=\"lazy\" decoding=\"async\" width=\"1280\" height=\"720\" src=\"http:\/\/harmoniewerk.eu\/wp-content\/uploads\/2025\/11\/4.jpg\" alt=\"\" class=\"wp-image-615 size-full\"\/><\/figure><div class=\"wp-block-media-text__content\">\n<p class=\"has-x-large-font-size\" style=\"margin-top:0;margin-right:0;margin-bottom:0;margin-left:0\"><strong>AromaTouch Massage<\/strong> to wyj\u0105tkowa, delikatna technika masa\u017cu z wykorzystaniem terapeutycznych olejk\u00f3w eterycznych najwy\u017cszej jako\u015bci  stosowana z produktami marki doTERRA. <br>Zosta\u0142a opracowana w celu przywracania r\u00f3wnowagi organizmu na poziomie fizycznym i emocjonalnym poprzez aplikacj\u0119 olejk\u00f3w wzd\u0142u\u017c kr\u0119gos\u0142upa oraz na stopy.<\/p>\n<\/div><\/div>\n\n\n\n<h3 class=\"wp-block-heading\"> <strong>Czym wyr\u00f3\u017cnia si\u0119 AromaTouch?<\/strong><\/h3>\n\n\n\n<p>\u2714\ufe0f \u0141\u0105czy moc <strong>aromaterapii<\/strong>, <strong>dotyku terapeutycznego<\/strong> i <strong>nauki o ciele<\/strong><br>\u2714\ufe0f Sk\u0142ada si\u0119 z <strong>ustalonej sekwencji 8 olejk\u00f3w eterycznych<\/strong>, kt\u00f3re nak\u0142ada si\u0119 w okre\u015blonej kolejno\u015bci<br>\u2714\ufe0f Ka\u017cdy etap masa\u017cu ma za zadanie zadzia\u0142a\u0107 na konkretny aspekt r\u00f3wnowagi cia\u0142a<\/p>\n\n\n\n<h3 class=\"wp-block-heading\"> <strong>4 g\u0142\u00f3wne obszary dzia\u0142ania:<\/strong><\/h3>\n\n\n\n<ol class=\"wp-block-list\">\n<li><strong>Redukcja stresu<\/strong> \u2013 olejki wspieraj\u0105ce uk\u0142ad nerwowy (np. Lavender, Balance)<\/li>\n\n\n\n<li><strong>Wsparcie uk\u0142adu odporno\u015bciowego<\/strong> \u2013 olejki o dzia\u0142aniu oczyszczaj\u0105cym i antybakteryjnym (np. Tea Tree, On Guard)<\/li>\n\n\n\n<li><strong>Zmniejszenie stan\u00f3w zapalnych<\/strong> \u2013 olejki wspieraj\u0105ce naturalne procesy przeciwzapalne (np. AromaTouch, Deep Blue)<\/li>\n\n\n\n<li><strong>Przywr\u00f3cenie homeostazy<\/strong> \u2013 olejki pomagaj\u0105ce wyr\u00f3wna\u0107 energetyk\u0119 cia\u0142a (np. Peppermint, Wild Orange)<\/li>\n<\/ol>\n\n\n\n<h3 class=\"wp-block-heading\"> <strong>Jak wygl\u0105da sesja?<\/strong><\/h3>\n\n\n\n<ul class=\"wp-block-list\">\n<li>Czas trwania: ok. 45 minut<\/li>\n<\/ul>\n\n\n\n<ul class=\"wp-block-list\">\n<li>Klient le\u017cy na brzuchu, masa\u017c odbywa si\u0119 wzd\u0142u\u017c kr\u0119gos\u0142upa i na stopach<\/li>\n<\/ul>\n\n\n\n<ul class=\"wp-block-list\">\n<li>Dotyk jest <strong>delikatny i rytmiczny<\/strong>, nie jest to g\u0142\u0119boki masa\u017c tkanek<\/li>\n<\/ul>\n\n\n\n<ul class=\"wp-block-list\">\n<li>Uczucie: g\u0142\u0119boka <strong>relaksacja, rozlu\u017anienie i regeneracja<\/strong><\/li>\n<\/ul>\n\n\n\n<div class=\"wp-block-media-text alignfull has-media-on-the-right is-stacked-on-mobile has-background\" style=\"border-style:none;border-width:0px;border-radius:0px;background-color:#16202900\"><div class=\"wp-block-media-text__content\">\n<h3 class=\"wp-block-heading\"> <strong>Korzy\u015bci dla cia\u0142a i umys\u0142u:<\/strong><\/h3>\n\n\n\n<p>\u2714\ufe0f Redukcja napi\u0119cia mi\u0119\u015bniowego<br>\u2714\ufe0f Uspokojenie uk\u0142adu nerwowego<br>\u2714\ufe0f Zharmonizowanie emocji<br>\u2714\ufe0f Wzmocnienie odporno\u015bci<br>\u2714\ufe0f Uczucie lekko\u015bci, jasno\u015bci umys\u0142u i g\u0142\u0119bokiego spokoju<\/p>\n<\/div><figure class=\"wp-block-media-text__media\"><img loading=\"lazy\" decoding=\"async\" width=\"1280\" height=\"720\" src=\"http:\/\/harmoniewerk.eu\/wp-content\/uploads\/2025\/11\/2.jpg\" alt=\"\" class=\"wp-image-616 size-full\"\/><\/figure><\/div>\n\n\n\n<p><strong>8 olejk\u00f3w eterycznych<\/strong> stosowanych w technice <strong>AromaTouch Massage<\/strong>, u\u0142o\u017conych w kolejno\u015bci u\u017cycia, zgodnie z jej struktur\u0105:<\/p>\n\n\n\n<h3 class=\"wp-block-heading\">\ud83c\udf3f <strong>1. Balance<\/strong> (mieszanka uziemiaj\u0105ca)<\/h3>\n\n\n\n<p><strong>Dzia\u0142anie:<\/strong><br>\u2013 Stabilizuje emocje<br>\u2013 Wycisza umys\u0142<br>\u2013 Pomaga przy napi\u0119ciu i l\u0119ku<br><strong>Zastosowanie:<\/strong> Na plecy, pocz\u0105tek masa\u017cu \u2013 przygotowuje cia\u0142o do terapii<\/p>\n\n\n\n<h3 class=\"wp-block-heading\">\ud83c\udf3f <strong>2. Lavender<\/strong> (lawenda)<\/h3>\n\n\n\n<p><strong>Dzia\u0142anie:<\/strong><br>\u2013 Dzia\u0142a uspokajaj\u0105co<br>\u2013 \u0141agodzi napi\u0119cia i stres<br>\u2013 Poprawia sen<br><strong>Zastosowanie:<\/strong> wzmacnia uczucie relaksu<\/p>\n\n\n\n<h3 class=\"wp-block-heading\">\ud83c\udf3f <strong>3. Tea Tree (Melaleuca)<\/strong><\/h3>\n\n\n\n<p><strong>Dzia\u0142anie:<\/strong><br>\u2013 Oczyszcza sk\u00f3r\u0119 i energetyk\u0119<br>\u2013 Wspiera uk\u0142ad odporno\u015bciowy<br>\u2013 Ma dzia\u0142anie przeciwbakteryjne i przeciwwirusowe<br><strong>Zastosowanie:<\/strong> Wzmacnia barier\u0119 ochronn\u0105 organizmu<\/p>\n\n\n\n<h3 class=\"wp-block-heading\">\ud83c\udf3f <strong>4. On Guard<\/strong> (mieszanka ochronna)<\/h3>\n\n\n\n<p><strong>Dzia\u0142anie:<\/strong><br>\u2013 Wspomaga odporno\u015b\u0107<br>\u2013 Chroni przed patogenami<br>\u2013 Ma w\u0142a\u015bciwo\u015bci antyseptyczne<br><strong>Zastosowanie:<\/strong> Uzupe\u0142nia dzia\u0142anie Tea Tree, chroni organizm<\/p>\n\n\n\n<h3 class=\"wp-block-heading\">\ud83c\udf3f <strong>5. AromaTouch<\/strong> (mieszanka terapeutyczna)<\/h3>\n\n\n\n<p><strong>Dzia\u0142anie:<\/strong><br>\u2013 Rozlu\u017ania mi\u0119\u015bnie<br>\u2013 Zmniejsza napi\u0119cie cia\u0142a<br>\u2013 Wspomaga kr\u0105\u017cenie<br><strong>Zastosowanie:<\/strong> Na mi\u0119\u015bnie wzd\u0142u\u017c kr\u0119gos\u0142upa \u2013 rozlu\u017anienie fizyczne<\/p>\n\n\n\n<h3 class=\"wp-block-heading\">\ud83c\udf3f <strong>6. Deep Blue<\/strong> (mieszanka \u0142agodz\u0105ca b\u00f3le)<\/h3>\n\n\n\n<p><strong>Dzia\u0142anie:<\/strong><br>\u2013 Przeciwzapalne<br>\u2013 \u0141agodzi b\u00f3le mi\u0119\u015bni, staw\u00f3w<br>\u2013 Pomaga w regeneracji<br><strong>Zastosowanie:<\/strong> Idealna dla os\u00f3b z b\u00f3lem plec\u00f3w, napi\u0119ciem mi\u0119\u015bniowym<\/p>\n\n\n\n<h3 class=\"wp-block-heading\">\ud83c\udf3f <strong>7. Wild Orange<\/strong> (dzika pomara\u0144cza)<\/h3>\n\n\n\n<p><strong>Dzia\u0142anie:<\/strong><br>\u2013 Od\u015bwie\u017ca i pobudza<br>\u2013 Poprawia nastr\u00f3j<br>\u2013 Ma w\u0142a\u015bciwo\u015bci antyoksydacyjne<br><strong>Zastosowanie:<\/strong> Wzmacnia dzia\u0142anie ko\u0144cowe, energetyzuje cia\u0142o<\/p>\n\n\n\n<h3 class=\"wp-block-heading\">\ud83c\udf3f <strong>8. Peppermint<\/strong> (mi\u0119ta pieprzowa)<\/h3>\n\n\n\n<p><strong>Dzia\u0142anie:<\/strong><br>\u2013 O\u017cywia i od\u015bwie\u017ca<br>\u2013 Pobudza kr\u0105\u017cenie<br>\u2013 Ch\u0142odzi i tonizuje<br><strong>Zastosowanie:<\/strong> Zamyka sesj\u0119 \u2013 daje uczucie lekko\u015bci i jasno\u015bci umys\u0142u<\/p>\n\n\n\n<h3 class=\"wp-block-heading\"> Efekt ko\u0144cowy:<\/h3>\n\n\n\n<p>Po sesji wiele os\u00f3b czuje si\u0119 <strong>zrelaksowanych, uziemionych, oczyszczonych energetycznie<\/strong>, a jednocze\u015bnie <strong>pe\u0142nych jasno\u015bci i \u015bwie\u017co\u015bci<\/strong>. To prawdziwa aromatyczna podr\u00f3\u017c dla cia\u0142a i ducha.<\/p>\n\n\n\n<div class=\"wp-block-group alignfull has-global-padding is-layout-constrained wp-block-group-is-layout-constrained\"><\/div>\n<\/div><\/div>\n","protected":false},"excerpt":{"rendered":"","protected":false},"author":3,"featured_media":0,"parent":0,"menu_order":0,"comment_status":"closed","ping_status":"closed","template":"","meta":{"site-container-style":"default","site-container-layout":"default","site-sidebar-layout":"default","site-transparent-header":"default","disable-article-header":"default","disable-site-header":"default","disable-site-footer":"default","disable-content-area-spacing":"default","footnotes":""},"class_list":["post-145","page","type-page","status-publish","hentry"],"_links":{"self":[{"href":"https:\/\/harmoniewerk.eu\/index.php?rest_route=\/wp\/v2\/pages\/145","targetHints":{"allow":["GET"]}}],"collection":[{"href":"https:\/\/harmoniewerk.eu\/index.php?rest_route=\/wp\/v2\/pages"}],"about":[{"href":"https:\/\/harmoniewerk.eu\/index.php?rest_route=\/wp\/v2\/types\/page"}],"author":[{"embeddable":true,"href":"https:\/\/harmoniewerk.eu\/index.php?rest_route=\/wp\/v2\/users\/3"}],"replies":[{"embeddable":true,"href":"https:\/\/harmoniewerk.eu\/index.php?rest_route=%2Fwp%2Fv2%2Fcomments&post=145"}],"version-history":[{"count":9,"href":"https:\/\/harmoniewerk.eu\/index.php?rest_route=\/wp\/v2\/pages\/145\/revisions"}],"predecessor-version":[{"id":639,"href":"https:\/\/harmoniewerk.eu\/index.php?rest_route=\/wp\/v2\/pages\/145\/revisions\/639"}],"wp:attachment":[{"href":"https:\/\/harmoniewerk.eu\/index.php?rest_route=%2Fwp%2Fv2%2Fmedia&parent=145"}],"curies":[{"name":"wp","href":"https:\/\/api.w.org\/{rel}","templated":true}]}}