{"id":184,"date":"2025-04-13T22:51:55","date_gmt":"2025-04-13T20:51:55","guid":{"rendered":"https:\/\/harmoniewerk.eu\/?page_id=184"},"modified":"2025-12-17T21:13:37","modified_gmt":"2025-12-17T20:13:37","slug":"184-2","status":"publish","type":"page","link":"https:\/\/harmoniewerk.eu\/?page_id=184","title":{"rendered":"Kinesiologia"},"content":{"rendered":"\n<div class=\"wp-block-cover alignwide has-kenta-accent-color has-text-color has-link-color has-x-large-font-size wp-elements-91e9db5a27f2adcbbebf232dcaf88e75 wp-duotone-unset-1\" style=\"margin-top:0;padding-top:48px;padding-right:48px;padding-bottom:48px;padding-left:48px;min-height:264px;aspect-ratio:unset;\"><span aria-hidden=\"true\" class=\"wp-block-cover__background has-kenta-base-background-color has-background-dim-80 has-background-dim\"><\/span><div class=\"wp-block-cover__inner-container is-layout-flow wp-block-cover-is-layout-flow\">\n<p>Kinezjologia to terapia, kt\u00f3ra opiera si\u0119 na badaniu i pracy z mi\u0119\u015bniami cia\u0142a, aby zdiagnozowa\u0107, zrozumie\u0107 i leczy\u0107 r\u00f3\u017cne problemy zdrowotne, zar\u00f3wno fizyczne, jak i emocjonalne. Cho\u0107 pocz\u0105tkowo kinezjologia by\u0142a kojarzona g\u0142\u00f3wnie z diagnozowaniem problem\u00f3w fizycznych, wsp\u00f3\u0142czesne podej\u015bcie uwzgl\u0119dnia r\u00f3wnie\u017c wp\u0142yw emocji, stresu oraz blokad energetycznych na zdrowie. Dzi\u0119ki tej metodzie mo\u017cna pracowa\u0107 nad harmonizowaniem cia\u0142a i umys\u0142u, co czyni j\u0105 wyj\u0105tkowo skuteczn\u0105 w przywracaniu r\u00f3wnowagi.<\/p>\n\n\n\n<h3 class=\"wp-block-heading\"><strong>Kinezjologia \u2013 Co to jest?<\/strong><\/h3>\n\n\n\n<div class=\"wp-block-media-text is-stacked-on-mobile\" style=\"grid-template-columns:16% auto\"><figure class=\"wp-block-media-text__media\"><img loading=\"lazy\" decoding=\"async\" width=\"540\" height=\"960\" src=\"http:\/\/harmoniewerk.eu\/wp-content\/uploads\/2025\/11\/Kinesiologie_1.jpg\" alt=\"\" class=\"wp-image-624 size-full\"\/><\/figure><div class=\"wp-block-media-text__content\">\n<p>Kinezjologia to nauka o ruchu cia\u0142a. Jednak w terapii kinezjologicznej chodzi o co\u015b wi\u0119cej ni\u017c tylko fizyczny ruch. Jest to metoda, kt\u00f3ra wykorzystuje testy mi\u0119\u015bniowe, by oceni\u0107 stan zdrowia i odkry\u0107 ukryte napi\u0119cia, stresy czy blokady energetyczne, kt\u00f3re mog\u0105 prowadzi\u0107 do chor\u00f3b lub problem\u00f3w emocjonalnych. Kinezjologia poszukuje przyczyn dolegliwo\u015bci nie tylko na poziomie fizycznym, ale r\u00f3wnie\u017c w obszarze psychiki, pomagaj\u0105c przywr\u00f3ci\u0107 r\u00f3wnowag\u0119 i zdrowie w spos\u00f3b holistyczny.<\/p>\n<\/div><\/div>\n\n\n\n<h3 class=\"wp-block-heading\"><strong>Terapia Kinezjologiczna \u2013 Jak dzia\u0142a?<\/strong><\/h3>\n\n\n\n<p>Terapia kinezjologiczna polega na przeprowadzeniu test\u00f3w mi\u0119\u015bniowych, kt\u00f3re s\u0105 u\u017cywane do sprawdzania reakcji cia\u0142a na r\u00f3\u017cne bod\u017ace, takie jak:<\/p>\n\n\n\n<ul class=\"wp-block-list\">\n<li><strong>Testy mi\u0119\u015bniowe<\/strong> \u2013 Pomagaj\u0105 zdiagnozowa\u0107 napi\u0119cia w ciele. Zbyt s\u0142aba reakcja mi\u0119\u015bnia mo\u017ce wskazywa\u0107 na problem w okre\u015blonej cz\u0119\u015bci cia\u0142a lub uk\u0142adzie energetycznym.<\/li>\n\n\n\n<li><strong>Stres emocjonalny<\/strong> \u2013 Kinezjologia pozwala zidentyfikowa\u0107 i pracowa\u0107 z emocjami, kt\u00f3re mog\u0105 blokowa\u0107 przep\u0142yw energii w organizmie. Stres, l\u0119ki, traumy, a tak\u017ce nieprzepracowane emocje, mog\u0105 manifestowa\u0107 si\u0119 w napi\u0119ciach mi\u0119\u015bniowych, a terapia pomaga uwolni\u0107 te blokady.<\/li>\n\n\n\n<li><strong>R\u00f3wnowaga energetyczna<\/strong> \u2013 Kinezjologowie pracuj\u0105 nad przywracaniem r\u00f3wnowagi energetycznej w ciele, poprzez testowanie i korekcj\u0119 przep\u0142ywu energii w poszczeg\u00f3lnych meridianach (kana\u0142ach energetycznych).<\/li>\n<\/ul>\n\n\n\n<p>Kinezjologia jest metod\u0105, kt\u00f3ra \u0142\u0105czy r\u00f3\u017cne podej\u015bcia, takie jak akupresura, terapia manualna, techniki oddechowe, a tak\u017ce r\u00f3\u017cne techniki rozlu\u017aniaj\u0105ce, aby przywr\u00f3ci\u0107 harmonijn\u0105 r\u00f3wnowag\u0119 cia\u0142a i umys\u0142u.<\/p>\n\n\n\n<h3 class=\"wp-block-heading\"><strong>Korzy\u015bci z terapii kinezjologicznej<\/strong><\/h3>\n\n\n\n<ol class=\"wp-block-list\">\n<li><strong>Zmniejszenie stresu i napi\u0119\u0107<\/strong> \u2013 Kinezjologia pomaga zredukowa\u0107 codzienne stresy i napi\u0119cia, co przek\u0142ada si\u0119 na lepsze samopoczucie i r\u00f3wnowag\u0119 emocjonaln\u0105.<\/li>\n\n\n\n<li><strong>Leczenie b\u00f3lu<\/strong> \u2013 Dzi\u0119ki zidentyfikowaniu i pracy z przyczynami b\u00f3lu (np. napi\u0119cia mi\u0119\u015bniowe, stres), terapia kinezjologiczna mo\u017ce przynie\u015b\u0107 ulg\u0119 w przewlek\u0142ych dolegliwo\u015bciach.<\/li>\n\n\n\n<li><strong>Poprawa postawy i r\u00f3wnowagi cia\u0142a<\/strong> \u2013 Regularne sesje mog\u0105 prowadzi\u0107 do poprawy postawy cia\u0142a, usuni\u0119cia napi\u0119\u0107 oraz poprawy og\u00f3lnej sprawno\u015bci fizycznej.<\/li>\n\n\n\n<li><strong>Wzrost energii<\/strong> \u2013 Kinezjologia pomaga zharmonizowa\u0107 przep\u0142yw energii w organizmie, co skutkuje wi\u0119kszym poziomem energii i lepszym samopoczuciem.<\/li>\n\n\n\n<li><strong>Leczenie emocji i traumy<\/strong> \u2013 Terapia kinezjologiczna umo\u017cliwia prac\u0119 z emocjami, uwalniaj\u0105c je, a tak\u017ce pomagaj\u0105c w rozwi\u0105zywaniu problem\u00f3w zwi\u0105zanych z nieprzepracowanymi emocjami.<\/li>\n<\/ol>\n\n\n\n<div class=\"wp-block-group alignfull has-global-padding is-layout-constrained wp-block-group-is-layout-constrained\"><\/div>\n<\/div><\/div>\n","protected":false},"excerpt":{"rendered":"","protected":false},"author":3,"featured_media":0,"parent":0,"menu_order":0,"comment_status":"closed","ping_status":"closed","template":"","meta":{"site-container-style":"default","site-container-layout":"default","site-sidebar-layout":"default","site-transparent-header":"default","disable-article-header":"default","disable-site-header":"default","disable-site-footer":"default","disable-content-area-spacing":"default","footnotes":""},"class_list":["post-184","page","type-page","status-publish","hentry"],"_links":{"self":[{"href":"https:\/\/harmoniewerk.eu\/index.php?rest_route=\/wp\/v2\/pages\/184","targetHints":{"allow":["GET"]}}],"collection":[{"href":"https:\/\/harmoniewerk.eu\/index.php?rest_route=\/wp\/v2\/pages"}],"about":[{"href":"https:\/\/harmoniewerk.eu\/index.php?rest_route=\/wp\/v2\/types\/page"}],"author":[{"embeddable":true,"href":"https:\/\/harmoniewerk.eu\/index.php?rest_route=\/wp\/v2\/users\/3"}],"replies":[{"embeddable":true,"href":"https:\/\/harmoniewerk.eu\/index.php?rest_route=%2Fwp%2Fv2%2Fcomments&post=184"}],"version-history":[{"count":10,"href":"https:\/\/harmoniewerk.eu\/index.php?rest_route=\/wp\/v2\/pages\/184\/revisions"}],"predecessor-version":[{"id":645,"href":"https:\/\/harmoniewerk.eu\/index.php?rest_route=\/wp\/v2\/pages\/184\/revisions\/645"}],"wp:attachment":[{"href":"https:\/\/harmoniewerk.eu\/index.php?rest_route=%2Fwp%2Fv2%2Fmedia&parent=184"}],"curies":[{"name":"wp","href":"https:\/\/api.w.org\/{rel}","templated":true}]}}