{"id":30,"date":"2023-08-10T22:17:59","date_gmt":"2023-08-10T20:17:59","guid":{"rendered":"http:\/\/harmoniewerk.eu\/?page_id=30"},"modified":"2025-12-19T14:22:07","modified_gmt":"2025-12-19T13:22:07","slug":"swiecowanie-uszu","status":"publish","type":"page","link":"https:\/\/harmoniewerk.eu\/?page_id=30","title":{"rendered":"\u015awiecowanie uszu"},"content":{"rendered":"\n<hr class=\"wp-block-separator has-alpha-channel-opacity\"\/>\n\n\n\n<div class=\"wp-block-cover alignwide has-kenta-accent-color has-text-color has-link-color has-x-large-font-size wp-elements-c9c31585054fa1fbe54644a79f39e2b4 wp-duotone-unset-1\" style=\"border-style:none;border-width:0px;border-radius:20px;margin-top:0;padding-top:48px;padding-right:48px;padding-bottom:48px;padding-left:48px;min-height:100vh;aspect-ratio:unset;\"><span aria-hidden=\"true\" class=\"wp-block-cover__background has-kenta-base-background-color has-background-dim-70 has-background-dim\"><\/span><div class=\"wp-block-cover__inner-container is-layout-flow wp-block-cover-is-layout-flow\">\n<div class=\"wp-block-media-text is-stacked-on-mobile is-style-rounded\" style=\"grid-template-columns:33% auto\"><figure class=\"wp-block-media-text__media\"><img loading=\"lazy\" decoding=\"async\" width=\"874\" height=\"620\" src=\"http:\/\/harmoniewerk.eu\/wp-content\/uploads\/2025\/12\/ear_candling.jpg\" alt=\"\" class=\"wp-image-668 size-full\"\/><\/figure><div class=\"wp-block-media-text__content\">\n<p class=\"has-text-align-left has-xx-large-font-size\"><strong>\u015awiecowanie uszu<\/strong> <\/p>\n\n\n\n<p class=\"has-text-align-left has-x-large-font-size\">(znane te\u017c jako <strong>konchowanie uszu<\/strong>) <\/p>\n\n\n\n<p><\/p>\n\n\n\n<p class=\"has-text-align-left has-x-large-font-size\">&#8211; to naturalna, relaksuj\u0105ca metoda wspieraj\u0105ca oczyszczanie uszu i popraw\u0119 og\u00f3lnego samopoczucia \u2013 wywodz\u0105ca si\u0119 z tradycji ludowych, m.in. Indian Hopi.<\/p>\n<\/div><\/div>\n\n\n\n<h3 class=\"wp-block-heading\"> <strong>Na czym polega \u015bwiecowanie uszu?<\/strong><\/h3>\n\n\n\n<p class=\"has-x-large-font-size\">To zabieg, podczas kt\u00f3rego do ucha wk\u0142adana jest specjalna, naturalna \u015bwieca (zazwyczaj z wosku pszczelego, bawe\u0142ny i zio\u0142owych ekstrakt\u00f3w), kt\u00f3ra powoli si\u0119 wypala. Powstaje <strong>ciep\u0142o i delikatny podci\u015bnieniowy efekt<\/strong> \u2013 tzw. &#8222;efekt komina&#8221; \u2013 kt\u00f3ry wspomaga:<\/p>\n\n\n\n<ul class=\"wp-block-list\">\n<li>oczyszczanie ucha<\/li>\n\n\n\n<li>rozlu\u017anienie napi\u0119\u0107<\/li>\n\n\n\n<li>popraw\u0119 przep\u0142ywu energii w obr\u0119bie g\u0142owy<\/li>\n<\/ul>\n\n\n\n<h3 class=\"wp-block-heading\"> <strong>Dzia\u0142anie i mo\u017cliwe korzy\u015bci:<\/strong><\/h3>\n\n\n\n<p class=\"has-x-large-font-size\">\u2714\ufe0f Usuni\u0119cie nadmiaru woskowiny<br>\u2714\ufe0f Uczucie &#8222;odetkania&#8221; ucha<br>\u2714\ufe0f Redukcja szum\u00f3w usznych i ci\u015bnienia zatokowego<br>\u2714\ufe0f \u0141agodzenie b\u00f3l\u00f3w g\u0142owy, migren<br>\u2714\ufe0f Wsparcie przy infekcjach g\u00f3rnych dr\u00f3g oddechowych<br>\u2714\ufe0f Uspokojenie i g\u0142\u0119boki relaks<br>\u2714\ufe0f Poprawa koncentracji, s\u0142uchu, r\u00f3wnowagi energetycznej<\/p>\n\n\n\n<h3 class=\"wp-block-heading\"> <strong>Jak wygl\u0105da zabieg?<\/strong><\/h3>\n\n\n\n<ol class=\"wp-block-list\">\n<li>Osoba le\u017cy wygodnie na boku.<\/li>\n\n\n\n<li>Terapeuta wprowadza \u015bwiec\u0119 do ucha (w spos\u00f3b bezpieczny i kontrolowany).<\/li>\n\n\n\n<li>\u015awieca powoli si\u0119 wypala \u2013 trwa to ok. 10\u201315 minut na jedno ucho.<\/li>\n\n\n\n<li>Zabieg ko\u0144czy si\u0119 kr\u00f3tkim masa\u017cem uszu, twarzy lub karku (opcjonalnie).<\/li>\n<\/ol>\n\n\n\n<p><strong>Przeciwskazania do \u015bwiecowania:<br><\/strong>&#8211; uczulenie na preparaty pszczele<br>&#8211; przerwanie b\u0142ony b\u0119benkowej<br>&#8211; wra\u017cliwo\u015b\u0107 na \u015bwiec\u0119 (sprawdzam k\u0142ad\u0105c kawa\u0142ek \u015bwiecy na 10 minut w zgi\u0119ciu \u0142okciowym)<\/p>\n\n\n\n<div style=\"height:49px\" aria-hidden=\"true\" class=\"wp-block-spacer\"><\/div>\n<\/div><\/div>\n","protected":false},"excerpt":{"rendered":"","protected":false},"author":2,"featured_media":0,"parent":0,"menu_order":0,"comment_status":"closed","ping_status":"closed","template":"","meta":{"site-container-style":"default","site-container-layout":"default","site-sidebar-layout":"default","site-transparent-header":"default","disable-article-header":"default","disable-site-header":"default","disable-site-footer":"default","disable-content-area-spacing":"default","footnotes":""},"class_list":["post-30","page","type-page","status-publish","hentry"],"_links":{"self":[{"href":"https:\/\/harmoniewerk.eu\/index.php?rest_route=\/wp\/v2\/pages\/30","targetHints":{"allow":["GET"]}}],"collection":[{"href":"https:\/\/harmoniewerk.eu\/index.php?rest_route=\/wp\/v2\/pages"}],"about":[{"href":"https:\/\/harmoniewerk.eu\/index.php?rest_route=\/wp\/v2\/types\/page"}],"author":[{"embeddable":true,"href":"https:\/\/harmoniewerk.eu\/index.php?rest_route=\/wp\/v2\/users\/2"}],"replies":[{"embeddable":true,"href":"https:\/\/harmoniewerk.eu\/index.php?rest_route=%2Fwp%2Fv2%2Fcomments&post=30"}],"version-history":[{"count":23,"href":"https:\/\/harmoniewerk.eu\/index.php?rest_route=\/wp\/v2\/pages\/30\/revisions"}],"predecessor-version":[{"id":672,"href":"https:\/\/harmoniewerk.eu\/index.php?rest_route=\/wp\/v2\/pages\/30\/revisions\/672"}],"wp:attachment":[{"href":"https:\/\/harmoniewerk.eu\/index.php?rest_route=%2Fwp%2Fv2%2Fmedia&parent=30"}],"curies":[{"name":"wp","href":"https:\/\/api.w.org\/{rel}","templated":true}]}}