{"id":319,"date":"2025-06-30T12:41:06","date_gmt":"2025-06-30T10:41:06","guid":{"rendered":"https:\/\/harmoniewerk.eu\/?page_id=319"},"modified":"2025-11-01T20:37:07","modified_gmt":"2025-11-01T19:37:07","slug":"certyfikaty-i-dyplomy","status":"publish","type":"page","link":"https:\/\/harmoniewerk.eu\/?page_id=319","title":{"rendered":"Certyfikaty | Dyplomy"},"content":{"rendered":"\n<div style=\"height:100px\" aria-hidden=\"true\" class=\"wp-block-spacer\"><\/div>\n\n\n\n<div class=\"wp-block-cover alignwide has-kenta-accent-color has-text-color has-link-color has-x-large-font-size wp-elements-f59659ef141f76ff03eed001cf60855c wp-duotone-unset-1\" style=\"border-radius:20px;margin-top:0;padding-top:48px;padding-right:48px;padding-bottom:48px;padding-left:48px;min-height:66vh;aspect-ratio:unset;\"><span aria-hidden=\"true\" class=\"wp-block-cover__background has-kenta-base-background-color has-background-dim-70 has-background-dim\"><\/span><div class=\"wp-block-cover__inner-container is-layout-flow wp-block-cover-is-layout-flow\">\n<p class=\"has-text-align-center\">W \u015bwiecie pe\u0142nym niesprawdzonych informacji warto wybiera\u0107 wiedz\u0119 popart\u0105 praktyk\u0105 i do\u015bwiadczeniem. Ka\u017cda us\u0142uga, kt\u00f3r\u0105 oferuj\u0119 w obszarze well-being, zdrowia i pi\u0119kna, opiera si\u0119 na solidnych fundamentach \u2013 potwierdzonych licznymi certyfikatami i dyplomami. Poni\u017cej znajdziesz dowody moich kwalifikacji. To nie tylko dokumenty \u2013 to gwarancja jako\u015bci, bezpiecze\u0144stwa i skuteczno\u015bci.<\/p>\n\n\n\n<figure class=\"wp-block-image aligncenter size-full\"><img loading=\"lazy\" decoding=\"async\" width=\"1250\" height=\"884\" src=\"http:\/\/harmoniewerk.eu\/wp-content\/uploads\/2025\/06\/Dyplom-aromatouch_technique.pdf.jpg\" alt=\"\" class=\"wp-image-331\"\/><\/figure>\n\n\n\n<figure class=\"wp-block-image aligncenter size-full\"><img loading=\"lazy\" decoding=\"async\" width=\"884\" height=\"1250\" src=\"http:\/\/harmoniewerk.eu\/wp-content\/uploads\/2025\/08\/1.jpg\" alt=\"\" class=\"wp-image-375\"\/><\/figure>\n\n\n\n<figure class=\"wp-block-image aligncenter size-full\"><img loading=\"lazy\" decoding=\"async\" width=\"884\" height=\"1250\" src=\"http:\/\/harmoniewerk.eu\/wp-content\/uploads\/2025\/08\/2.jpg\" alt=\"\" class=\"wp-image-376\"\/><\/figure>\n\n\n\n<figure class=\"wp-block-image aligncenter size-full\"><img loading=\"lazy\" decoding=\"async\" width=\"884\" height=\"1250\" src=\"http:\/\/harmoniewerk.eu\/wp-content\/uploads\/2025\/08\/Dyplom-kinesiologe_in.pdf.jpg\" alt=\"\" class=\"wp-image-378\"\/><\/figure>\n\n\n\n<figure class=\"wp-block-image aligncenter size-full\"><img loading=\"lazy\" decoding=\"async\" width=\"884\" height=\"1250\" src=\"http:\/\/harmoniewerk.eu\/wp-content\/uploads\/2025\/08\/Dyplom-klangmassage.pdf.jpg\" alt=\"\" class=\"wp-image-379\"\/><\/figure>\n\n\n\n<div style=\"height:72px\" aria-hidden=\"true\" class=\"wp-block-spacer\"><\/div>\n<\/div><\/div>\n","protected":false},"excerpt":{"rendered":"","protected":false},"author":3,"featured_media":0,"parent":0,"menu_order":0,"comment_status":"closed","ping_status":"closed","template":"templates\/boxed-page-builder.php","meta":{"site-container-style":"default","site-container-layout":"default","site-sidebar-layout":"default","site-transparent-header":"default","disable-article-header":"default","disable-site-header":"default","disable-site-footer":"default","disable-content-area-spacing":"default","footnotes":""},"class_list":["post-319","page","type-page","status-publish","hentry"],"_links":{"self":[{"href":"https:\/\/harmoniewerk.eu\/index.php?rest_route=\/wp\/v2\/pages\/319","targetHints":{"allow":["GET"]}}],"collection":[{"href":"https:\/\/harmoniewerk.eu\/index.php?rest_route=\/wp\/v2\/pages"}],"about":[{"href":"https:\/\/harmoniewerk.eu\/index.php?rest_route=\/wp\/v2\/types\/page"}],"author":[{"embeddable":true,"href":"https:\/\/harmoniewerk.eu\/index.php?rest_route=\/wp\/v2\/users\/3"}],"replies":[{"embeddable":true,"href":"https:\/\/harmoniewerk.eu\/index.php?rest_route=%2Fwp%2Fv2%2Fcomments&post=319"}],"version-history":[{"count":9,"href":"https:\/\/harmoniewerk.eu\/index.php?rest_route=\/wp\/v2\/pages\/319\/revisions"}],"predecessor-version":[{"id":563,"href":"https:\/\/harmoniewerk.eu\/index.php?rest_route=\/wp\/v2\/pages\/319\/revisions\/563"}],"wp:attachment":[{"href":"https:\/\/harmoniewerk.eu\/index.php?rest_route=%2Fwp%2Fv2%2Fmedia&parent=319"}],"curies":[{"name":"wp","href":"https:\/\/api.w.org\/{rel}","templated":true}]}}