{"id":36,"date":"2023-08-10T22:24:52","date_gmt":"2023-08-10T20:24:52","guid":{"rendered":"http:\/\/harmoniewerk.eu\/?page_id=36"},"modified":"2025-11-04T12:18:18","modified_gmt":"2025-11-04T11:18:18","slug":"akupresura-stop","status":"publish","type":"page","link":"https:\/\/harmoniewerk.eu\/?page_id=36","title":{"rendered":"Akupresura st\u00f3p"},"content":{"rendered":"\n<p><br><\/p>\n\n\n\n<div class=\"wp-block-cover alignwide has-kenta-accent-color has-text-color has-link-color has-x-large-font-size wp-elements-279ff75af58a68922c37ccb65bbfa6c1 wp-duotone-unset-1\" style=\"border-radius:20px;margin-top:0;padding-top:48px;padding-right:48px;padding-bottom:48px;padding-left:48px;min-height:66vh;aspect-ratio:unset;\"><span aria-hidden=\"true\" class=\"wp-block-cover__background has-kenta-base-background-color has-background-dim-80 has-background-dim\"><\/span><div class=\"wp-block-cover__inner-container is-layout-flow wp-block-cover-is-layout-flow\">\n<p><strong>Akupresura st\u00f3p<\/strong> to naturalna metoda terapeutyczna wywodz\u0105ca si\u0119 z tradycyjnej medycyny chi\u0144skiej, polegaj\u0105ca na uciskaniu okre\u015blonych punkt\u00f3w na stopach w celu pobudzenia przep\u0142ywu energii (Qi) w organizmie oraz wspierania zdrowia i r\u00f3wnowagi.<br>To cudowna, nieinwazyjna forma terapii, kt\u00f3ra mo\u017ce by\u0107 pi\u0119knym uzupe\u0142nieniem aromaterapii, pracy z cia\u0142em, d\u017awi\u0119kiem czy kinezjologii.<br><strong>Akupresura<\/strong> bazuje na chi\u0144skiej koncepcji meridian\u00f3w i przep\u0142ywu energii (Qi), podobnie jak akupunktura \u2013 ale bez igie\u0142.<\/p>\n\n\n\n<p> <strong>Dlaczego w\u0142a\u015bnie stopy?<\/strong><br>Na stopach znajduje si\u0119 <strong>refleksologiczna mapa ca\u0142ego cia\u0142a<\/strong> \u2013 ka\u017cdy punkt odpowiada konkretnemu organowi, gruczo\u0142owi lub cz\u0119\u015bci cia\u0142a. Poprzez uciskanie tych punkt\u00f3w mo\u017cna wp\u0142ywa\u0107 na funkcjonowanie ca\u0142ego organizmu.<\/p>\n\n\n\n<h3 class=\"wp-block-heading\"> <strong>G\u0142\u00f3wne korzy\u015bci akupresury st\u00f3p:<\/strong><\/h3>\n\n\n\n<p>\u2714 Redukuje stres i napi\u0119cie<br>\u2714 Poprawia kr\u0105\u017cenie krwi<br>\u2714 Wspiera funkcjonowanie narz\u0105d\u00f3w wewn\u0119trznych<br>\u2714 Pobudza naturalne si\u0142y samouzdrawiania<br>\u2714 Pomaga w b\u00f3lach g\u0142owy, problemach trawiennych, bezsenno\u015bci<br>\u2714 Wzmacnia uk\u0142ad odporno\u015bciowy<\/p>\n\n\n\n<h3 class=\"wp-block-heading\"> <strong>Jak wygl\u0105da zabieg?<\/strong><\/h3>\n\n\n\n<p> \u2714 uciska okre\u015blone punkty na stopach kciukiem lub specjalnymi narz\u0119dziami. Mo\u017ce to by\u0107 delikatne lub bardziej intensywne, w zale\u017cno\u015bci od potrzeb i wra\u017cliwo\u015bci danej osoby.<br>\u2714 Czas trwania: zwykle 30\u201360 minut<br>\u2714 Cz\u0119sto towarzyszy temu uczucie g\u0142\u0119bokiego relaksu<\/p>\n<\/div><\/div>\n","protected":false},"excerpt":{"rendered":"","protected":false},"author":2,"featured_media":0,"parent":0,"menu_order":0,"comment_status":"closed","ping_status":"closed","template":"","meta":{"site-container-style":"default","site-container-layout":"default","site-sidebar-layout":"default","site-transparent-header":"default","disable-article-header":"default","disable-site-header":"default","disable-site-footer":"default","disable-content-area-spacing":"default","footnotes":""},"class_list":["post-36","page","type-page","status-publish","hentry"],"_links":{"self":[{"href":"https:\/\/harmoniewerk.eu\/index.php?rest_route=\/wp\/v2\/pages\/36","targetHints":{"allow":["GET"]}}],"collection":[{"href":"https:\/\/harmoniewerk.eu\/index.php?rest_route=\/wp\/v2\/pages"}],"about":[{"href":"https:\/\/harmoniewerk.eu\/index.php?rest_route=\/wp\/v2\/types\/page"}],"author":[{"embeddable":true,"href":"https:\/\/harmoniewerk.eu\/index.php?rest_route=\/wp\/v2\/users\/2"}],"replies":[{"embeddable":true,"href":"https:\/\/harmoniewerk.eu\/index.php?rest_route=%2Fwp%2Fv2%2Fcomments&post=36"}],"version-history":[{"count":5,"href":"https:\/\/harmoniewerk.eu\/index.php?rest_route=\/wp\/v2\/pages\/36\/revisions"}],"predecessor-version":[{"id":590,"href":"https:\/\/harmoniewerk.eu\/index.php?rest_route=\/wp\/v2\/pages\/36\/revisions\/590"}],"wp:attachment":[{"href":"https:\/\/harmoniewerk.eu\/index.php?rest_route=%2Fwp%2Fv2%2Fmedia&parent=36"}],"curies":[{"name":"wp","href":"https:\/\/api.w.org\/{rel}","templated":true}]}}