{"id":417,"date":"2025-09-08T18:33:36","date_gmt":"2025-09-08T16:33:36","guid":{"rendered":"https:\/\/harmoniewerk.eu\/?page_id=417"},"modified":"2025-12-19T14:58:10","modified_gmt":"2025-12-19T13:58:10","slug":"healy","status":"publish","type":"page","link":"https:\/\/harmoniewerk.eu\/?page_id=417","title":{"rendered":"Healy"},"content":{"rendered":"\n<div class=\"wp-block-cover alignwide has-kenta-accent-color has-text-color has-link-color wp-elements-f6bed9b543749cbb7586f37934feaac7 wp-duotone-unset-1\" style=\"border-radius:20px;margin-top:0;padding-top:48px;padding-right:48px;padding-bottom:48px;padding-left:48px;min-height:66vh;aspect-ratio:unset;\"><span aria-hidden=\"true\" class=\"wp-block-cover__background has-kenta-base-background-color has-background-dim-70 has-background-dim\"><\/span><div class=\"wp-block-cover__inner-container is-layout-flow wp-block-cover-is-layout-flow\">\n<p class=\"has-text-align-left has-xxx-large-font-size\">\ud83c\udf0d <strong>Healy \u2013 urz\u0105dzenie w \u015bwiecie cz\u0119stotliwo\u015bci<\/strong><\/p>\n\n\n\n<p class=\"has-x-large-font-size\"><br>Wszystko, co istnieje w naturze, emituje <strong>cz\u0119stotliwo\u015bci<\/strong> \u2013 od szumu wiatru, przez bicie serca, a\u017c po fale m\u00f3zgowe. Jeste\u015bmy otoczeni i \u201ezanurzeni\u201d w polu drga\u0144, kt\u00f3re wp\u0142ywaj\u0105 na nasze cia\u0142o, emocje i umys\u0142.<br><\/p>\n\n\n\n<p class=\"has-x-large-font-size\"><strong>Healy<\/strong> to niewielkie, inteligentne urz\u0105dzenie, kt\u00f3re pracuje w\u0142a\u015bnie na tym poziomie.<br>Dzia\u0142a jak \u201et\u0142umacz\u201d cz\u0119stotliwo\u015bci \u2013 dobiera i wysy\u0142a do organizmu takie wibracje, kt\u00f3re wspieraj\u0105:<\/p>\n\n\n\n<div class=\"wp-block-cover is-light\" style=\"min-height:285px;aspect-ratio:unset;\"><span aria-hidden=\"true\" class=\"wp-block-cover__background has-kenta-base-background-color has-background-dim-0 has-background-dim\"><\/span><div class=\"wp-block-cover__inner-container is-layout-flow wp-block-cover-is-layout-flow\">\n<div class=\"wp-block-group is-layout-grid wp-container-core-group-is-layout-478b6e6b wp-block-group-is-layout-grid\">\n<figure class=\"wp-block-image aligncenter size-full is-resized\"><img loading=\"lazy\" decoding=\"async\" width=\"540\" height=\"960\" src=\"http:\/\/harmoniewerk.eu\/wp-content\/uploads\/2025\/12\/Healy.jpg\" alt=\"\" class=\"wp-image-676\" style=\"object-fit:cover;width:140px;height:auto\"\/><\/figure>\n\n\n\n<div class=\"wp-block-group alignfull is-vertical is-layout-flex wp-container-core-group-is-layout-c9616b51 wp-block-group-is-layout-flex\" style=\"margin-top:0;margin-bottom:0;padding-top:var(--wp--preset--spacing--x-small);padding-bottom:var(--wp--preset--spacing--x-small)\">\n<div class=\"wp-block-columns alignwide is-layout-flex wp-container-core-columns-is-layout-28f84493 wp-block-columns-is-layout-flex\">\n<div class=\"wp-block-column is-layout-flow wp-block-column-is-layout-flow\">\n<ul class=\"wp-block-list\">\n<li><strong>regeneracj\u0119 kom\u00f3rek,<\/strong><\/li>\n<\/ul>\n\n\n\n<ul class=\"wp-block-list\">\n<li><strong>r\u00f3wnowag\u0119 emocjonaln\u0105,<\/strong><\/li>\n<\/ul>\n\n\n\n<ul class=\"wp-block-list\">\n<li><strong>energi\u0119 i koncentracj\u0119,<\/strong><\/li>\n<\/ul>\n\n\n\n<ul class=\"wp-block-list\">\n<li><strong>pi\u0119kno i zdrowie sk\u00f3ry<\/strong>.<\/li>\n<\/ul>\n<\/div>\n<\/div>\n<\/div>\n<\/div>\n<\/div><\/div>\n\n\n\n<p class=\"has-text-align-left has-x-large-font-size\">Mo\u017cna powiedzie\u0107, \u017ce Healy \u201edostraja\u201d nasz organizm do harmonii \u2013 podobnie jak instrument muzyczny, kt\u00f3ry trzeba regularnie nastroi\u0107, aby gra\u0142 czysto.<br><\/p>\n\n\n\n<p class=\"has-xxx-large-font-size\"><strong>Dlaczego to wa\u017cne?<\/strong><br><\/p>\n\n\n\n<ul class=\"wp-block-list\">\n<li class=\"has-x-large-font-size\">Nasze cia\u0142o to ponad 70% wody \u2013 doskona\u0142y przewodnik dla fal i wibracji.<\/li>\n<\/ul>\n\n\n\n<ul class=\"wp-block-list\">\n<li class=\"has-x-large-font-size\">Ka\u017cda kom\u00f3rka dzia\u0142a jak miniaturowy generator cz\u0119stotliwo\u015bci.<\/li>\n<\/ul>\n\n\n\n<ul class=\"wp-block-list\">\n<li class=\"has-x-large-font-size\">Stres, zm\u0119czenie czy niezdrowy styl \u017cycia \u201erozstrajaj\u0105\u201d ten naturalny rytm.<\/li>\n<\/ul>\n\n\n\n<p class=\"has-x-large-font-size\">Healy pomaga przywr\u00f3ci\u0107 wewn\u0119trzn\u0105 sp\u00f3jno\u015b\u0107 i harmoni\u0119 \u2013 korzystaj\u0105c z cz\u0119stotliwo\u015bci, kt\u00f3re s\u0105 ju\u017c obecne w otaczaj\u0105cym nas \u015bwiecie, ale w skoncentrowanej, dopasowanej formie.<br>To ma\u0142e, przeno\u015bne urz\u0105dzenie z kategorii medycyny cz\u0119stotliwo\u015bciowej i wellness-tech, kt\u00f3re dzia\u0142a poprzez mikropr\u0105dy oraz cz\u0119stotliwo\u015bci rezonansowe.<br><\/p>\n\n\n\n<p class=\"has-x-large-font-size\"><strong>W UE Healy ma certyfikat urz\u0105dzenia medycznego klasy IIa \u2013 w zakresie:<\/strong><br><\/p>\n\n\n\n<ul class=\"wp-block-list\">\n<li class=\"has-x-large-font-size\">\u0142agodzenia b\u00f3lu, <\/li>\n<\/ul>\n\n\n\n<ul class=\"wp-block-list\">\n<li class=\"has-x-large-font-size\">wsparcia przy depresji,<\/li>\n<\/ul>\n\n\n\n<ul class=\"wp-block-list\">\n<li class=\"has-x-large-font-size\">l\u0119kach i zaburzeniach snu.<\/li>\n<\/ul>\n\n\n\n<ul class=\"wp-block-list\">\n<li class=\"has-x-large-font-size\">pozosta\u0142e zastosowania (uroda, energia, aura, harmonia) traktowane s\u0105 jako komplementarne.<\/li>\n<\/ul>\n\n\n\n<p class=\"has-x-large-font-size\">\u0141\u0105czy si\u0119 ze smartfonem przez aplikacj\u0119 i oferuje r\u00f3\u017cne programy wspieraj\u0105ce zdrowie, urod\u0119 i samopoczucie.<\/p>\n\n\n\n<p><\/p>\n\n\n\n<p class=\"has-xxx-large-font-size\"><strong>Jak dzia\u0142a Healy?<\/strong><br><\/p>\n\n\n\n<ul class=\"wp-block-list\">\n<li class=\"has-x-large-font-size\"><strong>Mikropr\u0105dy<\/strong>\u2013 stymuluj\u0105 kom\u00f3rki i wspieraj\u0105 procesy regeneracyjne.<\/li>\n<\/ul>\n\n\n\n<ul class=\"wp-block-list\">\n<li class=\"has-x-large-font-size\"><strong>Cz\u0119stotliwo\u015bci rezonansowe<\/strong> \u2013 aplikacja dobiera cz\u0119stotliwo\u015bci wspieraj\u0105ce okre\u015blone potrzeby (np. sen, relaks, sk\u00f3ra, energia).<\/li>\n<\/ul>\n\n\n\n<ul class=\"wp-block-list\">\n<li class=\"has-x-large-font-size\"><strong>\u0141\u0105czenie<\/strong> \u2013 elektrody (na nadgarstki, uszy, plastry) lub tryb rezonansowy bezdotykowy.<\/li>\n<\/ul>\n\n\n\n<p><\/p>\n\n\n\n<p class=\"has-xxx-large-font-size\"><strong>Healy \u2013 inteligentne urz\u0105dzenie cz\u0119stotliwo\u015bciowe<\/strong><br><\/p>\n\n\n\n<ul class=\"wp-block-list\">\n<li><strong>Healy<\/strong> to unikalne urz\u0105dzenie, kt\u00f3re dzia\u0142a jak \u201eskaner i nadajnik\u201d w jednym:<\/li>\n<\/ul>\n\n\n\n<ul class=\"wp-block-list\">\n<li><strong>Najpierw odczytuje <\/strong>cz\u0119stotliwo\u015bci Twojego organizmu \u2013 czyli sprawdza, gdzie wyst\u0119puje brak harmonii (np. stres, przem\u0119czenie, obni\u017cona energia kom\u00f3rkowa).<\/li>\n<\/ul>\n\n\n\n<ul class=\"wp-block-list\">\n<li><strong>Nast\u0119pnie dobiera i wysy\u0142a<\/strong>odpowiednie cz\u0119stotliwo\u015bci, aby wesprze\u0107 cia\u0142o, umys\u0142 i emocje w powrocie do r\u00f3wnowagi.<\/li>\n<\/ul>\n\n\n\n<p class=\"has-x-large-font-size\"><br><strong>Jak to dzia\u0142a?<\/strong><br>Ka\u017cda kom\u00f3rka, organ i emocja ma swoj\u0105 \u201ew\u0142asn\u0105 cz\u0119stotliwo\u015b\u0107\u201d. Gdy jeste\u015bmy w stresie, chorobie albo zm\u0119czeniu, te cz\u0119stotliwo\u015bci si\u0119 rozstrajaj\u0105.<br>Healy dzi\u0119ki <strong> czujnikom rezonansowym i algorytmom w aplikacji:<\/strong><\/p>\n\n\n\n<p class=\"has-x-large-font-size\">1. \u201eczyta\u201d sygna\u0142y bioenergetyczne organizmu,<\/p>\n\n\n\n<p class=\"has-x-large-font-size\">2. por\u00f3wnuje je z bibliotek\u0105 cz\u0119stotliwo\u015bci,<\/p>\n\n\n\n<p class=\"has-x-large-font-size\">3. wybiera te, kt\u00f3re s\u0105 w danym momencie najbardziej potrzebne.<\/p>\n\n\n\n<p class=\"has-x-large-font-size\">Mo\u017cna powiedzie\u0107, \u017ce Healy dzia\u0142a jak stroiciel instrumentu \u2013 sprawdza, kt\u00f3re struny (cz\u0119stotliwo\u015bci) s\u0105 rozstrojone i pomaga je nastroi\u0107.<\/p>\n\n\n\n<p class=\"has-x-large-font-size\"><strong>Co daje taki mechanizm?<\/strong><\/p>\n\n\n\n<ul class=\"wp-block-list\">\n<li class=\"has-x-large-font-size\"><strong>indywidualne dopasowanie<\/strong> terapii do u\u017cytkownika,<\/li>\n<\/ul>\n\n\n\n<ul class=\"wp-block-list\">\n<li class=\"has-x-large-font-size\">efektywno\u015b\u0107 \u2013 bo cz\u0119stotliwo\u015bci s\u0105 dobrane do aktualnych potrzeb,<\/li>\n<\/ul>\n\n\n\n<ul class=\"wp-block-list\">\n<li class=\"has-x-large-font-size\">wsparcie w r\u00f3\u017cnych sferach: zdrowie, uroda, emocje, energia.<\/li>\n<\/ul>\n\n\n\n<p><\/p>\n\n\n\n<p class=\"has-xxx-large-font-size\"><strong>Zastosowania Healy<\/strong><\/p>\n\n\n\n<p class=\"has-x-large-font-size\"><strong>Zdrowie i samopoczucie<\/strong><\/p>\n\n\n\n<ul class=\"wp-block-list has-x-large-font-size\">\n<li class=\"has-x-large-font-size\">wspomaga \u0142agodzenie <strong>b\u00f3lu<\/strong>(plec\u00f3w, staw\u00f3w, mi\u0119\u015bni),<\/li>\n<\/ul>\n\n\n\n<ul class=\"wp-block-list\">\n<li class=\"has-x-large-font-size\">wspiera osoby z <strong>depresj\u0105, l\u0119kami, zaburzeniami snu<\/strong>(obszary certyfikowane w UE jako urz\u0105dzenie medyczne),<\/li>\n<\/ul>\n\n\n\n<ul class=\"wp-block-list\">\n<li class=\"has-x-large-font-size\">poprawia <strong>regeneracj\u0119 kom\u00f3rek<\/strong> i og\u00f3ln\u0105 witalno\u015b\u0107,<\/li>\n<\/ul>\n\n\n\n<ul class=\"wp-block-list\">\n<li class=\"has-x-large-font-size\">wspiera naturalne mechanizmy organizmu w walce ze stresem.<\/li>\n<\/ul>\n\n\n\n<p class=\"has-x-large-font-size\"><strong>Uroda i piel\u0119gnacja<\/strong><\/p>\n\n\n\n<ul class=\"wp-block-list\">\n<li class=\"has-x-large-font-size\">programy <em>Beauty<\/em>\u2192 wspieraj\u0105 <strong>sk\u00f3r\u0119, w\u0142osy, paznokcie,<\/strong><\/li>\n<\/ul>\n\n\n\n<ul class=\"wp-block-list\">\n<li class=\"has-x-large-font-size\">poprawa <strong>mikrokr\u0105\u017cenia i elastyczno\u015bci sk\u00f3ry,<\/strong><\/li>\n<\/ul>\n\n\n\n<ul class=\"wp-block-list\">\n<li class=\"has-x-large-font-size\">wsparcie proces\u00f3w <strong>anti-aging,<\/strong><\/li>\n<\/ul>\n\n\n\n<ul class=\"wp-block-list\">\n<li class=\"has-x-large-font-size\">wspomaga efekty zabieg\u00f3w kosmetycznych (np. masa\u017ce, maseczki, zabiegi spa).<\/li>\n<\/ul>\n\n\n\n<p class=\"has-x-large-font-size\"><strong>Umys\u0142 i emocje<\/strong><\/p>\n\n\n\n<ul class=\"wp-block-list\">\n<li class=\"has-x-large-font-size\">zwi\u0119ksza <strong>koncentracj\u0119, pami\u0119\u0107, zdolno\u015bci uczenia si\u0119,<\/strong><\/li>\n<\/ul>\n\n\n\n<ul class=\"wp-block-list\">\n<li class=\"has-x-large-font-size\">pomaga w <strong>relaksacji i redukcji stresu,<\/strong><\/li>\n<\/ul>\n\n\n\n<ul class=\"wp-block-list\">\n<li class=\"has-x-large-font-size\">wspiera w osi\u0105ganiu <strong>r\u00f3wnowagi emocjonalnej,<\/strong><\/li>\n<\/ul>\n\n\n\n<ul class=\"wp-block-list\">\n<li class=\"has-x-large-font-size\">u\u0142atwia lepszy <strong>sen i regeneracj\u0119 psychiczn\u0105.<\/strong><\/li>\n<\/ul>\n\n\n\n<p class=\"has-x-large-font-size\"><strong>Energia i fitness<\/strong><\/p>\n\n\n\n<ul class=\"wp-block-list\">\n<li class=\"has-x-large-font-size\">przyspiesza <strong>regeneracj\u0119 po wysi\u0142ku fizycznym,<\/strong><\/li>\n<\/ul>\n\n\n\n<ul class=\"wp-block-list\">\n<li class=\"has-x-large-font-size\">wspiera <strong>kr\u0105\u017cenie, wydolno\u015b\u0107 i wytrzyma\u0142o\u015b\u0107,<\/strong><\/li>\n<\/ul>\n\n\n\n<ul class=\"wp-block-list\">\n<li class=\"has-x-large-font-size\">pomaga budowa\u0107 <strong>si\u0142\u0119 i kondycj\u0119,<\/strong><\/li>\n<\/ul>\n\n\n\n<ul class=\"wp-block-list\">\n<li class=\"has-x-large-font-size\">programy na <strong>stres i zm\u0119czenie<\/strong> wspieraj\u0105 szybsze odzyskanie si\u0142.<\/li>\n<\/ul>\n\n\n\n<p class=\"has-x-large-font-size\"><strong>Sen i relaks<\/strong><\/p>\n\n\n\n<ul class=\"wp-block-list\">\n<li class=\"has-x-large-font-size\">u\u0142atwia <strong>zasypianie<\/strong> i wspiera g\u0142\u0119boki, regeneruj\u0105cy sen,<\/li>\n<\/ul>\n\n\n\n<ul class=\"wp-block-list\">\n<li class=\"has-x-large-font-size\">poprawia <strong>jako\u015b\u0107 snu<\/strong> \u2013 szczeg\u00f3lnie wa\u017cne przy przem\u0119czeniu,<\/li>\n<\/ul>\n\n\n\n<ul class=\"wp-block-list\">\n<li class=\"has-x-large-font-size\">wspiera <strong>r\u00f3wnowag\u0119 rytm\u00f3w biologicznych.<\/strong><\/li>\n<\/ul>\n\n\n\n<p class=\"has-x-large-font-size\"><strong>Harmonia i duchowo\u015b\u0107<\/strong><\/p>\n\n\n\n<ul class=\"wp-block-list\">\n<li class=\"has-x-large-font-size\">programy <em>Soul Cycle <\/em>i <em>Natural Cycle<\/em> wspieraj\u0105 <strong>harmoni\u0119 wewn\u0119trzn\u0105,<\/strong><\/li>\n<\/ul>\n\n\n\n<ul class=\"wp-block-list\">\n<li class=\"has-x-large-font-size\">dostrajaj\u0105 organizm do naturalnych rytm\u00f3w (np. cykl dobowy, fazy ksi\u0119\u017cyca),<\/li>\n<\/ul>\n\n\n\n<ul class=\"wp-block-list\">\n<li class=\"has-x-large-font-size\">wspieraj\u0105 <strong>poczucie spokoju, akceptacji i r\u00f3wnowagi.\u2728<\/strong> Podsumowuj\u0105c:<\/li>\n<\/ul>\n\n\n\n<p class=\"has-x-large-font-size\"><strong>Healy znajduje zastosowanie w trzech wymiarach:<\/strong><\/p>\n\n\n\n<ul class=\"wp-block-list\">\n<li class=\"has-x-large-font-size\"><strong>Cia\u0142o \u2013<\/strong> zdrowie, regeneracja, uroda, fitness.<\/li>\n<\/ul>\n\n\n\n<ul class=\"wp-block-list\">\n<li class=\"has-x-large-font-size\"><strong>Umys\u0142<\/strong> \u2013 koncentracja, nauka, redukcja stresu.<\/li>\n<\/ul>\n\n\n\n<ul class=\"wp-block-list\">\n<li class=\"has-x-large-font-size\"><strong>Duch<\/strong>\u2013 harmonia emocji, wewn\u0119trzny spok\u00f3j, balans energetyczny.<\/li>\n<\/ul>\n\n\n\n<p><\/p>\n\n\n\n<p class=\"has-xxx-large-font-size\"><strong>Dla kogo Healy?<\/strong> <\/p>\n\n\n\n<ul class=\"wp-block-list\">\n<li class=\"has-x-large-font-size\">dla os\u00f3b poszukuj\u0105cych <strong> naturalnych i technologicznych metod wsparcia zdrowia,<\/strong><\/li>\n<\/ul>\n\n\n\n<ul class=\"wp-block-list\">\n<li class=\"has-x-large-font-size\">dla bran\u017cy wellness, kosmetycznej i holistycznej,<\/li>\n<\/ul>\n\n\n\n<ul class=\"wp-block-list\">\n<li class=\"has-x-large-font-size\">jako narz\u0119dzie do codziennej <strong>regeneracji, relaksu i poprawy urody.<\/strong><\/li>\n<\/ul>\n\n\n\n<p class=\"has-x-large-font-size\"><br>Healy \u0142\u0105czy <strong>nauk\u0119, natur\u0119 i technologi\u0119<\/strong> w jeden sp\u00f3jny system wspieraj\u0105cy cz\u0142owieka na poziomie fizycznym, emocjonalnym i energetycznym.<\/p>\n<\/div><\/div>\n\n\n\n<p><\/p>\n","protected":false},"excerpt":{"rendered":"","protected":false},"author":3,"featured_media":0,"parent":0,"menu_order":0,"comment_status":"closed","ping_status":"closed","template":"","meta":{"site-container-style":"default","site-container-layout":"default","site-sidebar-layout":"default","site-transparent-header":"default","disable-article-header":"default","disable-site-header":"default","disable-site-footer":"default","disable-content-area-spacing":"default","footnotes":""},"class_list":["post-417","page","type-page","status-publish","hentry"],"_links":{"self":[{"href":"https:\/\/harmoniewerk.eu\/index.php?rest_route=\/wp\/v2\/pages\/417","targetHints":{"allow":["GET"]}}],"collection":[{"href":"https:\/\/harmoniewerk.eu\/index.php?rest_route=\/wp\/v2\/pages"}],"about":[{"href":"https:\/\/harmoniewerk.eu\/index.php?rest_route=\/wp\/v2\/types\/page"}],"author":[{"embeddable":true,"href":"https:\/\/harmoniewerk.eu\/index.php?rest_route=\/wp\/v2\/users\/3"}],"replies":[{"embeddable":true,"href":"https:\/\/harmoniewerk.eu\/index.php?rest_route=%2Fwp%2Fv2%2Fcomments&post=417"}],"version-history":[{"count":31,"href":"https:\/\/harmoniewerk.eu\/index.php?rest_route=\/wp\/v2\/pages\/417\/revisions"}],"predecessor-version":[{"id":684,"href":"https:\/\/harmoniewerk.eu\/index.php?rest_route=\/wp\/v2\/pages\/417\/revisions\/684"}],"wp:attachment":[{"href":"https:\/\/harmoniewerk.eu\/index.php?rest_route=%2Fwp%2Fv2%2Fmedia&parent=417"}],"curies":[{"name":"wp","href":"https:\/\/api.w.org\/{rel}","templated":true}]}}