{"id":577,"date":"2025-11-04T12:04:30","date_gmt":"2025-11-04T11:04:30","guid":{"rendered":"https:\/\/harmoniewerk.eu\/?page_id=577"},"modified":"2025-11-04T12:07:37","modified_gmt":"2025-11-04T11:07:37","slug":"emocjonalna-aromaterapia-z-olejkami-doterra","status":"publish","type":"page","link":"https:\/\/harmoniewerk.eu\/?page_id=577","title":{"rendered":"Emocjonalna Aromaterapia z olejkami doTERRA"},"content":{"rendered":"\n<div class=\"wp-block-cover alignwide has-kenta-accent-color has-text-color has-link-color has-x-large-font-size wp-elements-344ed9be849182f6aa385b5239d69431 wp-duotone-unset-1\" style=\"border-radius:20px;margin-top:0;padding-top:48px;padding-right:48px;padding-bottom:48px;padding-left:48px;min-height:66vh;aspect-ratio:unset;\"><span aria-hidden=\"true\" class=\"wp-block-cover__background has-kenta-base-background-color has-background-dim-80 has-background-dim\"><\/span><div class=\"wp-block-cover__inner-container is-layout-flow wp-block-cover-is-layout-flow\">\n<p class=\"has-x-large-font-size\"><strong>Emocjonalna aromaterapia<\/strong> to subtelna, ale niezwykle g\u0142\u0119boka forma wsparcia emocjonalnego, wykorzystuj\u0105ca czyste, naturalne olejki eteryczne marki <strong>doTERRA<\/strong>.<br>Ka\u017cdy olejek niesie w sobie energi\u0119 i inteligencj\u0119 natury, kt\u00f3ra pomaga przywr\u00f3ci\u0107 r\u00f3wnowag\u0119 emocji, spok\u00f3j i wewn\u0119trzn\u0105 harmoni\u0119.<\/p>\n\n\n\n<ul class=\"wp-block-list\">\n<li><strong>Jak dzia\u0142a emocjonalna aromaterapia?<\/strong><\/li>\n<\/ul>\n\n\n\n<p>Zapach ma bezpo\u015bredni wp\u0142yw na nasz <strong>uk\u0142ad limbiczny<\/strong> \u2013 cz\u0119\u015b\u0107 m\u00f3zgu odpowiedzialn\u0105 za emocje, pami\u0119\u0107 i nastr\u00f3j.<br>Wdychaj\u0105c olejki lub nanosz\u0105c je na punkty energetyczne cia\u0142a, mo\u017cemy:<\/p>\n\n\n\n<ul class=\"wp-block-list\">\n<li>uwolni\u0107 nagromadzony stres i napi\u0119cia,<\/li>\n\n\n\n<li>poprawi\u0107 nastr\u00f3j i zwi\u0119kszy\u0107 poziom energii,<\/li>\n\n\n\n<li>wzmocni\u0107 poczucie spokoju i r\u00f3wnowagi,<\/li>\n\n\n\n<li>otworzy\u0107 serce na rado\u015b\u0107, akceptacj\u0119 i wdzi\u0119czno\u015b\u0107.<\/li>\n<\/ul>\n\n\n\n<p><strong>&nbsp;<\/strong><strong>Olejki z linii doTERRA Emotional Aromatherapy<\/strong><\/p>\n\n\n\n<p>To sze\u015b\u0107 specjalnie dobranych mieszanek, kt\u00f3re wspieraj\u0105 konkretne stany emocjonalne:<\/p>\n\n\n\n<ul class=\"wp-block-list\">\n<li>\u00a0<strong>Motivate \u2013 Zach\u0119ta i inspiracja<\/strong><br>dodaje odwagi, entuzjazmu i pewno\u015bci siebie.<br><br><\/li>\n\n\n\n<li>\u00a0<strong>Cheer \u2013 Rado\u015b\u0107 i optymizm<\/strong><br>pomaga odzyska\u0107 lekko\u015b\u0107 i pozytywne nastawienie.<br><br><\/li>\n\n\n\n<li>\u00a0<strong>Peace \u2013 Spok\u00f3j i harmonia<\/strong><br>wycisza, wspiera w chwilach napi\u0119cia i l\u0119ku.<br><br><\/li>\n\n\n\n<li>\u00a0<strong>Forgive \u2013 Uwolnienie i wybaczenie<\/strong><br>pomaga odpu\u015bci\u0107 i otworzy\u0107 serce.<br><br><\/li>\n\n\n\n<li>\u00a0<strong>Console \u2013 Ukojenie i wsparcie emocjonalne<\/strong><br>\u0142agodzi smutek i wspiera proces uzdrawiania serca.<br><br><\/li>\n\n\n\n<li>\u00a0<strong>Passion \u2013 Entuzjazm i inspiracja<\/strong><br>rozpala rado\u015b\u0107 \u017cycia i kreatywno\u015b\u0107.<\/li>\n<\/ul>\n\n\n\n<p class=\"has-x-large-font-size\">Ka\u017cdy zapach to opowie\u015b\u0107.<br>Ka\u017cdy oddech to powr\u00f3t do siebie.<br>Zaufaj mocy natury i pozw\u00f3l, by <strong>olejki doTERRA<\/strong> otuli\u0142y Twoje emocje mi\u0142o\u015bci\u0105 i spokojem <strong><br><br><\/strong><strong>Zapraszam Ci\u0119 w podr\u00f3\u017c ku harmonii cia\u0142a, umys\u0142u i duszy<br>Z sercem i uwa\u017cno\u015bci\u0105 wspieram Ci\u0119 w emocjonalnej terapii olejkami doTERRA<\/strong><\/p>\n\n\n\n<div style=\"height:72px\" aria-hidden=\"true\" class=\"wp-block-spacer\"><\/div>\n<\/div><\/div>\n","protected":false},"excerpt":{"rendered":"","protected":false},"author":3,"featured_media":0,"parent":0,"menu_order":0,"comment_status":"closed","ping_status":"closed","template":"","meta":{"site-container-style":"default","site-container-layout":"default","site-sidebar-layout":"default","site-transparent-header":"default","disable-article-header":"default","disable-site-header":"default","disable-site-footer":"default","disable-content-area-spacing":"default","footnotes":""},"class_list":["post-577","page","type-page","status-publish","hentry"],"_links":{"self":[{"href":"https:\/\/harmoniewerk.eu\/index.php?rest_route=\/wp\/v2\/pages\/577","targetHints":{"allow":["GET"]}}],"collection":[{"href":"https:\/\/harmoniewerk.eu\/index.php?rest_route=\/wp\/v2\/pages"}],"about":[{"href":"https:\/\/harmoniewerk.eu\/index.php?rest_route=\/wp\/v2\/types\/page"}],"author":[{"embeddable":true,"href":"https:\/\/harmoniewerk.eu\/index.php?rest_route=\/wp\/v2\/users\/3"}],"replies":[{"embeddable":true,"href":"https:\/\/harmoniewerk.eu\/index.php?rest_route=%2Fwp%2Fv2%2Fcomments&post=577"}],"version-history":[{"count":3,"href":"https:\/\/harmoniewerk.eu\/index.php?rest_route=\/wp\/v2\/pages\/577\/revisions"}],"predecessor-version":[{"id":583,"href":"https:\/\/harmoniewerk.eu\/index.php?rest_route=\/wp\/v2\/pages\/577\/revisions\/583"}],"wp:attachment":[{"href":"https:\/\/harmoniewerk.eu\/index.php?rest_route=%2Fwp%2Fv2%2Fmedia&parent=577"}],"curies":[{"name":"wp","href":"https:\/\/api.w.org\/{rel}","templated":true}]}}